{"id":1298,"date":"2022-12-20T20:47:31","date_gmt":"2022-12-20T18:47:31","guid":{"rendered":"https:\/\/madcrew.es\/?page_id=1298"},"modified":"2023-09-06T14:59:12","modified_gmt":"2023-09-06T12:59:12","slug":"proyectos","status":"publish","type":"page","link":"https:\/\/madcrew.es\/es\/proyectos\/","title":{"rendered":"Proyectos"},"content":{"rendered":"<p>[et_pb_section fb_built=\u00bb1&#8243; admin_label=\u00bbHeader\u00bb _builder_version=\u00bb4.21.0&#8243; _module_preset=\u00bbdefault\u00bb background_color=\u00bb#FFFFFF\u00bb background_enable_image=\u00bboff\u00bb background_video_mp4=\u00bbhttps:\/\/madcrew.es\/wp-content\/uploads\/2023\/07\/VIDEO-2022-04-09-15-05-45.mp4&#8243; background_video_webm=\u00bbhttps:\/\/madcrew.es\/wp-content\/uploads\/2023\/07\/VIDEO-2022-04-09-15-05-45.mp4&#8243; allow_player_pause=\u00bbon\u00bb custom_padding=\u00bb14vw||14vw||true|false\u00bb background_last_edited=\u00bbon|desktop\u00bb background_image_phone=\u00bbhttps:\/\/madcrew.es\/wp-content\/uploads\/2023\/06\/madcrew-grip-01.jpg\u00bb background_enable_image_phone=\u00bbon\u00bb background_enable_video_mp4_phone=\u00bboff\u00bb collapsed=\u00bbon\u00bb global_colors_info=\u00bb{}\u00bb custom_css_before__hover_enabled=\u00bbon|desktop\u00bb][et_pb_row make_equal=\u00bbon\u00bb _builder_version=\u00bb4.18.0&#8243; _module_preset=\u00bbdefault\u00bb global_colors_info=\u00bb{}\u00bb][et_pb_column type=\u00bb4_4&#8243; _builder_version=\u00bb4.18.0&#8243; _module_preset=\u00bbdefault\u00bb global_colors_info=\u00bb{}\u00bb][et_pb_text _builder_version=\u00bb4.21.0&#8243; _module_preset=\u00bbc16985e1-e0d6-4022-964d-e2bfc04fa633&#8243; header_font=\u00bbSpace Grotesk|500|||||||\u00bb header_text_color=\u00bb#FFFFFF\u00bb header_font_size=\u00bb80px\u00bb header_line_height=\u00bb1.2em\u00bb header_2_font=\u00bbSpace Grotesk||||||||\u00bb header_2_font_size=\u00bb60px\u00bb background_layout=\u00bbdark\u00bb header_font_size_tablet=\u00bb40px\u00bb header_font_size_phone=\u00bb24px\u00bb header_font_size_last_edited=\u00bbon|desktop\u00bb header_2_font_size_tablet=\u00bb60px\u00bb header_2_font_size_phone=\u00bb50px\u00bb header_2_font_size_last_edited=\u00bbon|phone\u00bb global_colors_info=\u00bb{}\u00bb]<\/p>\n<h2><span style=\"color: #ffffff;\">Nuestro trabajo<\/span><\/h2>\n<p>[\/et_pb_text][et_pb_divider color=\u00bb#FFFFFF\u00bb divider_position=\u00bbcenter\u00bb _builder_version=\u00bb4.21.0&#8243; _module_preset=\u00bbdefault\u00bb global_colors_info=\u00bb{}\u00bb][\/et_pb_divider][et_pb_text _builder_version=\u00bb4.21.0&#8243; _module_preset=\u00bbaaa7c440-590a-4078-ae0c-0f3c699ac51c\u00bb header_font=\u00bb||||||||\u00bb header_3_font=\u00bbSpace Grotesk|500|||||||\u00bb header_3_font_size=\u00bb28px\u00bb header_3_line_height=\u00bb1.4em\u00bb background_layout=\u00bbdark\u00bb header_3_font_size_tablet=\u00bb20px\u00bb header_3_font_size_phone=\u00bb16px\u00bb header_3_font_size_last_edited=\u00bbon|phone\u00bb global_colors_info=\u00bb{}\u00bb]<\/p>\n<h3><span style=\"color: #ffffff;\">\u00a1Descubre nuestro mundo de luz y creatividad en el cine y la publicidad!<\/span><\/h3>\n<p>[\/et_pb_text][\/et_pb_column][\/et_pb_row][\/et_pb_section][et_pb_section fb_built=\u00bb1&#8243; admin_label=\u00bbProjects\u00bb _builder_version=\u00bb4.18.0&#8243; _module_preset=\u00bbdefault\u00bb collapsed=\u00bboff\u00bb global_colors_info=\u00bb{}\u00bb][et_pb_row admin_label=\u00bbFila\u00bb _builder_version=\u00bb4.21.0&#8243; _module_preset=\u00bbdefault\u00bb global_colors_info=\u00bb{}\u00bb][et_pb_column type=\u00bb4_4&#8243; _builder_version=\u00bb4.21.0&#8243; _module_preset=\u00bbdefault\u00bb global_colors_info=\u00bb{}\u00bb][et_pb_text _builder_version=\u00bb4.22.0&#8243; _module_preset=\u00bbdefault\u00bb header_font=\u00bb||||||||\u00bb header_3_font=\u00bbSpace Grotesk|500|||||||\u00bb header_3_font_size=\u00bb28px\u00bb header_3_line_height=\u00bb1.4em\u00bb background_layout=\u00bbdark\u00bb header_3_font_size_tablet=\u00bb20px\u00bb header_3_font_size_phone=\u00bb16px\u00bb header_3_font_size_last_edited=\u00bbon|phone\u00bb global_colors_info=\u00bb{}\u00bb]<\/p>\n<p><span style=\"color: #000000;\">En <strong>Madcrew<\/strong> cada proyecto es \u00fanico para nosotros, y nos enorgullece el trabajo conjunto con equipos creativos para dar vida a sus proyectos. Nuestro compromiso con la innovaci\u00f3n y la b\u00fasqueda constante de nuevas t\u00e9cnicas nos ha permitido mantenernos a la vanguardia de la industria y brindar resultados sorprendentes.<\/span><\/p>\n<p>[\/et_pb_text][\/et_pb_column][\/et_pb_row][et_pb_row _builder_version=\u00bb4.18.0&#8243; _module_preset=\u00bbdefault\u00bb custom_padding=\u00bb||0px||false|false\u00bb global_colors_info=\u00bb{}\u00bb][et_pb_column type=\u00bb4_4&#8243; _builder_version=\u00bb4.18.0&#8243; _module_preset=\u00bbdefault\u00bb global_colors_info=\u00bb{}\u00bb][et_pb_divider color=\u00bbRGBA(255,255,255,0)\u00bb divider_weight=\u00bb550px\u00bb divider_weight_tablet=\u00bb300px\u00bb divider_weight_phone=\u00bb200px\u00bb divider_weight_last_edited=\u00bbon|phone\u00bb _builder_version=\u00bb4.21.0&#8243; _module_preset=\u00bbdefault\u00bb background_image=\u00bbhttps:\/\/madcrew.es\/wp-content\/uploads\/2023\/06\/madcrew-iluminacion-02.jpg\u00bb parallax=\u00bbon\u00bb min_height=\u00bb550px\u00bb min_height_tablet=\u00bb300px\u00bb min_height_phone=\u00bb200px\u00bb min_height_last_edited=\u00bbon|tablet\u00bb locked=\u00bboff\u00bb global_colors_info=\u00bb{}\u00bb divider_weight__hover_enabled=\u00bboff|desktop\u00bb][\/et_pb_divider][\/et_pb_column][\/et_pb_row][et_pb_row _builder_version=\u00bb4.18.0&#8243; _module_preset=\u00bbdefault\u00bb custom_padding=\u00bb||0px||false|false\u00bb global_colors_info=\u00bb{}\u00bb][et_pb_column type=\u00bb4_4&#8243; _builder_version=\u00bb4.18.0&#8243; _module_preset=\u00bbdefault\u00bb global_colors_info=\u00bb{}\u00bb][et_pb_divider color=\u00bbRGBA(255,255,255,0)\u00bb divider_weight=\u00bb550px\u00bb divider_weight_tablet=\u00bb300px\u00bb divider_weight_phone=\u00bb200px\u00bb divider_weight_last_edited=\u00bbon|phone\u00bb _builder_version=\u00bb4.21.0&#8243; _module_preset=\u00bbdefault\u00bb background_image=\u00bbhttps:\/\/madcrew.es\/wp-content\/uploads\/2023\/06\/madcrew-iluminacion-04.jpg\u00bb parallax=\u00bbon\u00bb min_height=\u00bb550px\u00bb min_height_tablet=\u00bb300px\u00bb min_height_phone=\u00bb200px\u00bb min_height_last_edited=\u00bbon|tablet\u00bb locked=\u00bboff\u00bb global_colors_info=\u00bb{}\u00bb divider_weight__hover_enabled=\u00bboff|desktop\u00bb][\/et_pb_divider][\/et_pb_column][\/et_pb_row][et_pb_row _builder_version=\u00bb4.21.0&#8243; _module_preset=\u00bbdefault\u00bb global_colors_info=\u00bb{}\u00bb][et_pb_column type=\u00bb4_4&#8243; _builder_version=\u00bb4.21.0&#8243; _module_preset=\u00bbdefault\u00bb global_colors_info=\u00bb{}\u00bb][et_pb_text _builder_version=\u00bb4.21.2&#8243; _module_preset=\u00bbdefault\u00bb global_colors_info=\u00bb{}\u00bb]<\/p>\n<p><span style=\"color: #000000;\">En el \u00e1mbito cinematogr\u00e1fico, hemos sido parte de producciones de diferentes g\u00e9neros, desde dramas emocionantes hasta pel\u00edculas de acci\u00f3n llenas de adrenalina.<\/span><\/p>\n<p><span style=\"color: #000000;\"><\/span><\/p>\n<h3><span style=\"color: #000000;\">\u00bfTe suenan&#8230;?. !Dale al play!<\/span><\/h3>\n<p>[\/et_pb_text][\/et_pb_column][\/et_pb_row][et_pb_row _builder_version=\u00bb4.21.0&#8243; _module_preset=\u00bbdefault\u00bb global_colors_info=\u00bb{}\u00bb][et_pb_column type=\u00bb4_4&#8243; _builder_version=\u00bb4.21.0&#8243; _module_preset=\u00bbdefault\u00bb global_colors_info=\u00bb{}\u00bb][et_pb_video_slider _builder_version=\u00bb4.21.0&#8243; _module_preset=\u00bbdefault\u00bb global_colors_info=\u00bb{}\u00bb][et_pb_video_slider_item src=\u00bbhttps:\/\/youtu.be\/4WX0x1BPXgo\u00bb _builder_version=\u00bb4.21.0&#8243; _module_preset=\u00bbdefault\u00bb global_colors_info=\u00bb{}\u00bb show_image_overlay=\u00bboff\u00bb][\/et_pb_video_slider_item][et_pb_video_slider_item src=\u00bbhttps:\/\/youtu.be\/7sVOB4Xa-_U\u00bb _builder_version=\u00bb4.21.0&#8243; _module_preset=\u00bbdefault\u00bb global_colors_info=\u00bb{}\u00bb show_image_overlay=\u00bboff\u00bb][\/et_pb_video_slider_item][et_pb_video_slider_item src=\u00bbhttps:\/\/www.youtube.com\/watch?v=oLdhdHJCdNE\u00bb _builder_version=\u00bb4.21.0&#8243; _module_preset=\u00bbdefault\u00bb global_colors_info=\u00bb{}\u00bb show_image_overlay=\u00bboff\u00bb][\/et_pb_video_slider_item][et_pb_video_slider_item src=\u00bbhttps:\/\/youtu.be\/uNc58VV6bH0&#8243; _builder_version=\u00bb4.21.0&#8243; _module_preset=\u00bbdefault\u00bb global_colors_info=\u00bb{}\u00bb show_image_overlay=\u00bboff\u00bb][\/et_pb_video_slider_item][\/et_pb_video_slider][\/et_pb_column][\/et_pb_row][et_pb_row _builder_version=\u00bb4.21.0&#8243; _module_preset=\u00bbdefault\u00bb global_colors_info=\u00bb{}\u00bb][et_pb_column type=\u00bb4_4&#8243; _builder_version=\u00bb4.21.0&#8243; _module_preset=\u00bbdefault\u00bb global_colors_info=\u00bb{}\u00bb][et_pb_cta title=\u00bbCont\u00e1ctanos y descubre c\u00f3mo podemos ayudarte\u00bb button_url=\u00bb@ET-DC@eyJkeW5hbWljIjp0cnVlLCJjb250ZW50IjoicG9zdF9saW5rX3VybF9wYWdlIiwic2V0dGluZ3MiOnsicG9zdF9pZCI6IjEyODMifX0=@\u00bb button_text=\u00bb!Enciende tu proyecto!\u00bb _builder_version=\u00bb4.22.1&#8243; _dynamic_attributes=\u00bbbutton_url,link_option_url\u00bb _module_preset=\u00bbdefault\u00bb link_option_url=\u00bb@ET-DC@eyJkeW5hbWljIjp0cnVlLCJjb250ZW50IjoicG9zdF9saW5rX3VybF9wYWdlIiwic2V0dGluZ3MiOnsicG9zdF9pZCI6IjEyODMifX0=@\u00bb motion_trigger_start=\u00bbbottom\u00bb hover_enabled=\u00bb0&#8243; global_colors_info=\u00bb{}\u00bb background__hover_enabled=\u00bbon|hover\u00bb background_image__hover=\u00bbhttps:\/\/madcrew.es\/wp-content\/uploads\/2023\/09\/madcrew-iluinacion-interior-e1694005046707.webp\u00bb background_enable_image__hover=\u00bbon\u00bb parallax__hover=\u00bbon\u00bb sticky_enabled=\u00bb0&#8243; alt=\u00bbmadcrew &#8211; iluinaci\u00f3n interior\u00bb title_text=\u00bbiluinacion interior\u00bb]<\/p>\n<p><span>\u00a1Has llegado al lugar adecuado! Estamos encantados de poder ser parte de tu pr\u00f3xima producci\u00f3n cinematogr\u00e1fica o proyecto publicitario.\u00a0<\/span><\/p>\n<p>[\/et_pb_cta][\/et_pb_column][\/et_pb_row][\/et_pb_section]<\/p>\n","protected":false},"excerpt":{"rendered":"<p>En Madcrew cada proyecto es \u00fanico para nosotros, y nos enorgullece el trabajo conjunto con equipos creativos para dar vida a sus proyectos. Nuestro compromiso con la innovaci\u00f3n y la b\u00fasqueda constante de nuevas t\u00e9cnicas nos ha permitido mantenernos a la vanguardia de la industria y brindar resultados sorprendentes.<\/p>\n","protected":false},"author":1,"featured_media":1224,"parent":0,"menu_order":0,"comment_status":"closed","ping_status":"closed","template":"","meta":{"_et_pb_use_builder":"on","_et_pb_old_content":"","_et_gb_content_width":"","footnotes":""},"class_list":["post-1298","page","type-page","status-publish","has-post-thumbnail","hentry"],"yoast_head":"<!-- This site is optimized with the Yoast SEO plugin v21.7 - https:\/\/yoast.com\/wordpress\/plugins\/seo\/ -->\n<title>Proyectos - Iluminaci\u00f3n cinematogr\u00e1fica y maquinismo<\/title>\n<meta name=\"description\" content=\"Proyectos de iluminaci\u00f3n cinematogr\u00e1fica y maquinismo. A la vanguardia de la industria\" \/>\n<meta name=\"robots\" content=\"index, follow, max-snippet:-1, max-image-preview:large, max-video-preview:-1\" \/>\n<link rel=\"canonical\" href=\"https:\/\/madcrew.es\/es\/proyectos\/\" \/>\n<meta property=\"og:locale\" content=\"es_ES\" \/>\n<meta property=\"og:type\" content=\"article\" \/>\n<meta property=\"og:title\" content=\"Proyectos - Iluminaci\u00f3n cinematogr\u00e1fica y maquinismo\" \/>\n<meta property=\"og:description\" content=\"Proyectos de iluminaci\u00f3n cinematogr\u00e1fica y maquinismo. A la vanguardia de la industria\" \/>\n<meta property=\"og:url\" content=\"https:\/\/madcrew.es\/es\/proyectos\/\" \/>\n<meta property=\"og:site_name\" content=\"Madcrew\" \/>\n<meta property=\"article:publisher\" content=\"https:\/\/es-la.facebook.com\/people\/Mad-Crew-Movie-Services-SL\/100063555247861\/\" \/>\n<meta property=\"article:modified_time\" content=\"2023-09-06T12:59:12+00:00\" \/>\n<meta property=\"og:image\" content=\"https:\/\/madcrew.es\/wp-content\/uploads\/2022\/12\/madcrew-platos-scaled.jpeg\" \/>\n\t<meta property=\"og:image:width\" content=\"2560\" \/>\n\t<meta property=\"og:image:height\" content=\"1707\" \/>\n\t<meta property=\"og:image:type\" content=\"image\/jpeg\" \/>\n<meta name=\"twitter:card\" content=\"summary_large_image\" \/>\n<script type=\"application\/ld+json\" class=\"yoast-schema-graph\">{\"@context\":\"https:\/\/schema.org\",\"@graph\":[{\"@type\":\"WebPage\",\"@id\":\"https:\/\/madcrew.es\/es\/proyectos\/\",\"url\":\"https:\/\/madcrew.es\/es\/proyectos\/\",\"name\":\"Proyectos - Iluminaci\u00f3n cinematogr\u00e1fica y maquinismo\",\"isPartOf\":{\"@id\":\"https:\/\/madcrew.es\/es\/#website\"},\"datePublished\":\"2022-12-20T18:47:31+00:00\",\"dateModified\":\"2023-09-06T12:59:12+00:00\",\"description\":\"Proyectos de iluminaci\u00f3n cinematogr\u00e1fica y maquinismo. A la vanguardia de la industria\",\"breadcrumb\":{\"@id\":\"https:\/\/madcrew.es\/es\/proyectos\/#breadcrumb\"},\"inLanguage\":\"es\",\"potentialAction\":[{\"@type\":\"ReadAction\",\"target\":[\"https:\/\/madcrew.es\/es\/proyectos\/\"]}]},{\"@type\":\"BreadcrumbList\",\"@id\":\"https:\/\/madcrew.es\/es\/proyectos\/#breadcrumb\",\"itemListElement\":[{\"@type\":\"ListItem\",\"position\":1,\"name\":\"Portada\",\"item\":\"https:\/\/madcrew.es\/es\/\"},{\"@type\":\"ListItem\",\"position\":2,\"name\":\"Proyectos\"}]},{\"@type\":\"WebSite\",\"@id\":\"https:\/\/madcrew.es\/es\/#website\",\"url\":\"https:\/\/madcrew.es\/es\/\",\"name\":\"Madcrew\",\"description\":\"Proyectos de iluminaci\u00f3n cinematogr\u00e1fica\",\"publisher\":{\"@id\":\"https:\/\/madcrew.es\/es\/#organization\"},\"potentialAction\":[{\"@type\":\"SearchAction\",\"target\":{\"@type\":\"EntryPoint\",\"urlTemplate\":\"https:\/\/madcrew.es\/es\/?s={search_term_string}\"},\"query-input\":\"required name=search_term_string\"}],\"inLanguage\":\"es\"},{\"@type\":\"Organization\",\"@id\":\"https:\/\/madcrew.es\/es\/#organization\",\"name\":\"madcrew\",\"alternateName\":\"madcrew\",\"url\":\"https:\/\/madcrew.es\/es\/\",\"logo\":{\"@type\":\"ImageObject\",\"inLanguage\":\"es\",\"@id\":\"https:\/\/madcrew.es\/es\/#\/schema\/logo\/image\/\",\"url\":\"https:\/\/madcrew.es\/wp-content\/uploads\/2022\/12\/android-chrome-512x512-1.png\",\"contentUrl\":\"https:\/\/madcrew.es\/wp-content\/uploads\/2022\/12\/android-chrome-512x512-1.png\",\"width\":512,\"height\":512,\"caption\":\"madcrew\"},\"image\":{\"@id\":\"https:\/\/madcrew.es\/es\/#\/schema\/logo\/image\/\"},\"sameAs\":[\"https:\/\/es-la.facebook.com\/people\/Mad-Crew-Movie-Services-SL\/100063555247861\/\",\"https:\/\/www.instagram.com\/madcrew_ms\/\"]}]}<\/script>\n<!-- \/ Yoast SEO plugin. -->","yoast_head_json":{"title":"Proyectos - Iluminaci\u00f3n cinematogr\u00e1fica y maquinismo","description":"Proyectos de iluminaci\u00f3n cinematogr\u00e1fica y maquinismo. A la vanguardia de la industria","robots":{"index":"index","follow":"follow","max-snippet":"max-snippet:-1","max-image-preview":"max-image-preview:large","max-video-preview":"max-video-preview:-1"},"canonical":"https:\/\/madcrew.es\/es\/proyectos\/","og_locale":"es_ES","og_type":"article","og_title":"Proyectos - Iluminaci\u00f3n cinematogr\u00e1fica y maquinismo","og_description":"Proyectos de iluminaci\u00f3n cinematogr\u00e1fica y maquinismo. A la vanguardia de la industria","og_url":"https:\/\/madcrew.es\/es\/proyectos\/","og_site_name":"Madcrew","article_publisher":"https:\/\/es-la.facebook.com\/people\/Mad-Crew-Movie-Services-SL\/100063555247861\/","article_modified_time":"2023-09-06T12:59:12+00:00","og_image":[{"width":2560,"height":1707,"url":"https:\/\/madcrew.es\/wp-content\/uploads\/2022\/12\/madcrew-platos-scaled.jpeg","type":"image\/jpeg"}],"twitter_card":"summary_large_image","schema":{"@context":"https:\/\/schema.org","@graph":[{"@type":"WebPage","@id":"https:\/\/madcrew.es\/es\/proyectos\/","url":"https:\/\/madcrew.es\/es\/proyectos\/","name":"Proyectos - Iluminaci\u00f3n cinematogr\u00e1fica y maquinismo","isPartOf":{"@id":"https:\/\/madcrew.es\/es\/#website"},"datePublished":"2022-12-20T18:47:31+00:00","dateModified":"2023-09-06T12:59:12+00:00","description":"Proyectos de iluminaci\u00f3n cinematogr\u00e1fica y maquinismo. A la vanguardia de la industria","breadcrumb":{"@id":"https:\/\/madcrew.es\/es\/proyectos\/#breadcrumb"},"inLanguage":"es","potentialAction":[{"@type":"ReadAction","target":["https:\/\/madcrew.es\/es\/proyectos\/"]}]},{"@type":"BreadcrumbList","@id":"https:\/\/madcrew.es\/es\/proyectos\/#breadcrumb","itemListElement":[{"@type":"ListItem","position":1,"name":"Portada","item":"https:\/\/madcrew.es\/es\/"},{"@type":"ListItem","position":2,"name":"Proyectos"}]},{"@type":"WebSite","@id":"https:\/\/madcrew.es\/es\/#website","url":"https:\/\/madcrew.es\/es\/","name":"Madcrew","description":"Proyectos de iluminaci\u00f3n cinematogr\u00e1fica","publisher":{"@id":"https:\/\/madcrew.es\/es\/#organization"},"potentialAction":[{"@type":"SearchAction","target":{"@type":"EntryPoint","urlTemplate":"https:\/\/madcrew.es\/es\/?s={search_term_string}"},"query-input":"required name=search_term_string"}],"inLanguage":"es"},{"@type":"Organization","@id":"https:\/\/madcrew.es\/es\/#organization","name":"madcrew","alternateName":"madcrew","url":"https:\/\/madcrew.es\/es\/","logo":{"@type":"ImageObject","inLanguage":"es","@id":"https:\/\/madcrew.es\/es\/#\/schema\/logo\/image\/","url":"https:\/\/madcrew.es\/wp-content\/uploads\/2022\/12\/android-chrome-512x512-1.png","contentUrl":"https:\/\/madcrew.es\/wp-content\/uploads\/2022\/12\/android-chrome-512x512-1.png","width":512,"height":512,"caption":"madcrew"},"image":{"@id":"https:\/\/madcrew.es\/es\/#\/schema\/logo\/image\/"},"sameAs":["https:\/\/es-la.facebook.com\/people\/Mad-Crew-Movie-Services-SL\/100063555247861\/","https:\/\/www.instagram.com\/madcrew_ms\/"]}]}},"_links":{"self":[{"href":"https:\/\/madcrew.es\/es\/wp-json\/wp\/v2\/pages\/1298","targetHints":{"allow":["GET"]}}],"collection":[{"href":"https:\/\/madcrew.es\/es\/wp-json\/wp\/v2\/pages"}],"about":[{"href":"https:\/\/madcrew.es\/es\/wp-json\/wp\/v2\/types\/page"}],"author":[{"embeddable":true,"href":"https:\/\/madcrew.es\/es\/wp-json\/wp\/v2\/users\/1"}],"replies":[{"embeddable":true,"href":"https:\/\/madcrew.es\/es\/wp-json\/wp\/v2\/comments?post=1298"}],"version-history":[{"count":0,"href":"https:\/\/madcrew.es\/es\/wp-json\/wp\/v2\/pages\/1298\/revisions"}],"wp:featuredmedia":[{"embeddable":true,"href":"https:\/\/madcrew.es\/es\/wp-json\/wp\/v2\/media\/1224"}],"wp:attachment":[{"href":"https:\/\/madcrew.es\/es\/wp-json\/wp\/v2\/media?parent=1298"}],"curies":[{"name":"wp","href":"https:\/\/api.w.org\/{rel}","templated":true}]}}