{"id":1288,"date":"2022-12-20T20:45:58","date_gmt":"2022-12-20T18:45:58","guid":{"rendered":"https:\/\/madcrew.es\/?page_id=1288"},"modified":"2023-11-27T18:59:18","modified_gmt":"2023-11-27T16:59:18","slug":"quienes-somos","status":"publish","type":"page","link":"https:\/\/madcrew.es\/es\/quienes-somos\/","title":{"rendered":"Quienes somos"},"content":{"rendered":"<p>[et_pb_section fb_built=\u00bb1&#8243; admin_label=\u00bbHeader\u00bb _builder_version=\u00bb4.18.0&#8243; _module_preset=\u00bbdefault\u00bb custom_padding=\u00bb0px||||false|false\u00bb collapsed=\u00bboff\u00bb global_colors_info=\u00bb{}\u00bb][et_pb_row column_structure=\u00bb3_5,2_5&#8243; use_custom_gutter=\u00bbon\u00bb gutter_width=\u00bb2&#8243; make_equal=\u00bbon\u00bb _builder_version=\u00bb4.19.0&#8243; _module_preset=\u00bbdefault\u00bb custom_margin=\u00bb||30px||false|false\u00bb custom_padding=\u00bb0px||0px||true|false\u00bb box_shadow_style=\u00bbpreset4&#8243; box_shadow_horizontal=\u00bb30vw\u00bb box_shadow_vertical=\u00bb0px\u00bb box_shadow_color=\u00bbgcid-574a594f-3645-42ee-a9e5-bdcdc84b45bb\u00bb box_shadow_horizontal_tablet=\u00bb0vw\u00bb box_shadow_horizontal_phone=\u00bb0vw\u00bb box_shadow_horizontal_last_edited=\u00bbon|tablet\u00bb global_colors_info=\u00bb{%22gcid-574a594f-3645-42ee-a9e5-bdcdc84b45bb%22:%91%22box_shadow_color%22%93}\u00bb][et_pb_column type=\u00bb3_5&#8243; _builder_version=\u00bb4.18.0&#8243; _module_preset=\u00bbdefault\u00bb custom_padding=\u00bb8%||||false|false\u00bb global_colors_info=\u00bb{}\u00bb][et_pb_text _builder_version=\u00bb4.18.1&#8243; _module_preset=\u00bbc16985e1-e0d6-4022-964d-e2bfc04fa633&#8243; header_font=\u00bbSpace Grotesk|500|||||||\u00bb header_text_color=\u00bb#000000&#8243; header_font_size=\u00bb80px\u00bb header_line_height=\u00bb1.2em\u00bb header_font_size_tablet=\u00bb40px\u00bb header_font_size_phone=\u00bb24px\u00bb header_font_size_last_edited=\u00bbon|desktop\u00bb global_colors_info=\u00bb{}\u00bb]<\/p>\n<h1>Nosotros<\/h1>\n<p>[\/et_pb_text][et_pb_image src=\u00bbhttps:\/\/madcrew.es\/wp-content\/uploads\/2022\/12\/madcrew-personas-opt.jpg\u00bb title_text=\u00bbmadcrew &#8211; nosotros\u00bb _builder_version=\u00bb4.21.0&#8243; _module_preset=\u00bbdefault\u00bb global_colors_info=\u00bb{}\u00bb][\/et_pb_image][\/et_pb_column][et_pb_column type=\u00bb2_5&#8243; _builder_version=\u00bb4.19.0&#8243; _module_preset=\u00bbdefault\u00bb background_color=\u00bbgcid-574a594f-3645-42ee-a9e5-bdcdc84b45bb\u00bb custom_padding=\u00bb||30px|30px|false|false\u00bb global_colors_info=\u00bb{%22gcid-574a594f-3645-42ee-a9e5-bdcdc84b45bb%22:%91%22background_color%22%93}\u00bb][et_pb_image src=\u00bbhttps:\/\/madcrew.es\/wp-content\/uploads\/2023\/07\/madcrew-simbolos-byn.png\u00bb title_text=\u00bbmadcrew\u00bb _builder_version=\u00bb4.21.0&#8243; _module_preset=\u00bbdefault\u00bb background_enable_image=\u00bboff\u00bb custom_margin=\u00bb||30px|-30px|false|false\u00bb global_colors_info=\u00bb{}\u00bb background__hover_enabled=\u00bboff|desktop\u00bb src__hover_enabled=\u00bbon|hover\u00bb src__hover=\u00bbhttps:\/\/madcrew.es\/wp-content\/uploads\/2023\/07\/madcrew-simbolos-color.png\u00bb][\/et_pb_image][et_pb_text _builder_version=\u00bb4.21.0&#8243; _module_preset=\u00bb4827deed-2a92-4d97-a22f-f01067ae6873&#8243; header_font=\u00bb||||||||\u00bb header_4_font=\u00bbSpace Grotesk|700|||||||\u00bb header_4_font_size=\u00bb20px\u00bb header_4_line_height=\u00bb1.4em\u00bb custom_margin=\u00bb||0px||false|false\u00bb header_4_font_size_tablet=\u00bb16px\u00bb header_4_font_size_phone=\u00bb15px\u00bb header_4_font_size_last_edited=\u00bbon|phone\u00bb global_colors_info=\u00bb{}\u00bb]<\/p>\n<h4>Desde<\/h4>\n<p>[\/et_pb_text][et_pb_text _builder_version=\u00bb4.22.2&#8243; _module_preset=\u00bbb327cbe4-b1d5-4b66-ad37-40c8f2f061ba\u00bb header_2_font=\u00bbSpace Grotesk|500|||||||\u00bb header_2_font_size=\u00bb60px\u00bb header_2_line_height=\u00bb1.2em\u00bb header_2_font_size_tablet=\u00bb32px\u00bb header_2_font_size_phone=\u00bb20px\u00bb header_2_font_size_last_edited=\u00bbon|desktop\u00bb global_colors_info=\u00bb{}\u00bb]<\/p>\n<h2>2016<\/h2>\n<p>[\/et_pb_text][\/et_pb_column][\/et_pb_row][\/et_pb_section][et_pb_section fb_built=\u00bb1&#8243; admin_label=\u00bbFeatures\u00bb _builder_version=\u00bb4.21.0&#8243; _module_preset=\u00bbdefault\u00bb background_color=\u00bb#FFFFFF\u00bb background_image=\u00bbhttps:\/\/madcrew.es\/wp-content\/uploads\/2022\/12\/architect-6.png\u00bb background_size=\u00bbcustom\u00bb background_image_width=\u00bb24%\u00bb background_position=\u00bbtop_right\u00bb collapsed=\u00bboff\u00bb global_colors_info=\u00bb{}\u00bb][et_pb_row _builder_version=\u00bb4.18.0&#8243; _module_preset=\u00bbdefault\u00bb global_colors_info=\u00bb{}\u00bb][et_pb_column type=\u00bb4_4&#8243; _builder_version=\u00bb4.18.0&#8243; _module_preset=\u00bbdefault\u00bb global_colors_info=\u00bb{}\u00bb][et_pb_text _builder_version=\u00bb4.21.2&#8243; _module_preset=\u00bbb327cbe4-b1d5-4b66-ad37-40c8f2f061ba\u00bb header_2_font=\u00bbSpace Grotesk|500|||||||\u00bb header_2_font_size=\u00bb60px\u00bb header_2_line_height=\u00bb1.2em\u00bb background_layout=\u00bbdark\u00bb header_2_font_size_tablet=\u00bb32px\u00bb header_2_font_size_phone=\u00bb20px\u00bb header_2_font_size_last_edited=\u00bbon|desktop\u00bb global_colors_info=\u00bb{}\u00bb]<\/p>\n<h1><span style=\"color: #000000;\">MADCREW<\/span><\/h1>\n<h3><span style=\"color: #000000;\">Proyectos de iluminaci\u00f3n cinematogr\u00e1fica<\/span><\/h3>\n<p><span style=\"color: #000000;\"><\/span><\/p>\n<p>[\/et_pb_text][\/et_pb_column][\/et_pb_row][et_pb_row _builder_version=\u00bb4.18.0&#8243; _module_preset=\u00bbdefault\u00bb global_colors_info=\u00bb{}\u00bb][et_pb_column type=\u00bb4_4&#8243; _builder_version=\u00bb4.18.0&#8243; _module_preset=\u00bbdefault\u00bb global_colors_info=\u00bb{}\u00bb][et_pb_text _builder_version=\u00bb4.21.2&#8243; _module_preset=\u00bb1f09816e-184e-4ce5-a4cf-b39c52c423ca\u00bb text_font=\u00bbWork Sans|500|||||||\u00bb text_font_size=\u00bb16px\u00bb text_line_height=\u00bb1.8em\u00bb background_layout=\u00bbdark\u00bb text_font_size_tablet=\u00bb15px\u00bb text_font_size_phone=\u00bb14px\u00bb text_font_size_last_edited=\u00bbon|phone\u00bb header_font_size_tablet=\u00bb55px\u00bb header_font_size_last_edited=\u00bboff|desktop\u00bb locked=\u00bboff\u00bb global_colors_info=\u00bb{}\u00bb]<\/p>\n<p style=\"text-align: justify;\"><span style=\"color: #000000;\">Somos una empresa joven y din\u00e1mica especializada en<strong> iluminaci\u00f3n cinematogr\u00e1fica y maquinismo<\/strong> para la industria del cine y la publicidad. <\/span><span style=\"color: #000000;\"><\/span><\/p>\n<p style=\"text-align: justify;\"><span style=\"color: #000000;\">\u00a1Estamos listos para iluminar tu pr\u00f3ximo proyecto y darle vida con equipos de iluminaci\u00f3n de vanguardia!<\/span><\/p>\n<p>[\/et_pb_text][\/et_pb_column][\/et_pb_row][et_pb_row _builder_version=\u00bb4.21.2&#8243; _module_preset=\u00bbdefault\u00bb global_colors_info=\u00bb{}\u00bb][et_pb_column type=\u00bb4_4&#8243; _builder_version=\u00bb4.21.2&#8243; _module_preset=\u00bbdefault\u00bb global_colors_info=\u00bb{}\u00bb][et_pb_image src=\u00bbhttps:\/\/madcrew.es\/wp-content\/uploads\/2023\/06\/madcrew-grip-01.jpg\u00bb alt=\u00bbmadcrew &#8211; grip cine y publicidad\u00bb title_text=\u00bbmadcrew &#8211; grip\u00bb _builder_version=\u00bb4.21.2&#8243; _module_preset=\u00bbdefault\u00bb global_colors_info=\u00bb{}\u00bb][\/et_pb_image][\/et_pb_column][\/et_pb_row][et_pb_row column_structure=\u00bb1_3,2_3&#8243; _builder_version=\u00bb4.18.0&#8243; _module_preset=\u00bbdefault\u00bb global_colors_info=\u00bb{}\u00bb][et_pb_column type=\u00bb1_3&#8243; _builder_version=\u00bb4.18.0&#8243; _module_preset=\u00bbdefault\u00bb global_colors_info=\u00bb{}\u00bb][et_pb_image src=\u00bbhttps:\/\/madcrew.es\/wp-content\/uploads\/2023\/06\/madcrew-iluminacion-02.jpg\u00bb alt=\u00bbmadcrew &#8211; iluminaci\u00f3n cinematogr\u00e1fica\u00bb title_text=\u00bbmadcrew &#8211; iluminaci\u00f3n\u00bb show_in_lightbox=\u00bbon\u00bb force_fullwidth=\u00bbon\u00bb _builder_version=\u00bb4.21.2&#8243; _module_preset=\u00bbdefault\u00bb global_colors_info=\u00bb{}\u00bb][\/et_pb_image][\/et_pb_column][et_pb_column type=\u00bb2_3&#8243; _builder_version=\u00bb4.18.0&#8243; _module_preset=\u00bbdefault\u00bb global_colors_info=\u00bb{}\u00bb][et_pb_text _builder_version=\u00bb4.21.0&#8243; _module_preset=\u00bbaaa7c440-590a-4078-ae0c-0f3c699ac51c\u00bb header_font=\u00bb||||||||\u00bb header_3_font=\u00bbSpace Grotesk|500|||||||\u00bb header_3_font_size=\u00bb28px\u00bb header_3_line_height=\u00bb1.4em\u00bb background_layout=\u00bbdark\u00bb custom_margin=\u00bb||20px||false|false\u00bb custom_padding=\u00bb||10px||false|false\u00bb header_3_font_size_tablet=\u00bb20px\u00bb header_3_font_size_phone=\u00bb16px\u00bb header_3_font_size_last_edited=\u00bbon|phone\u00bb border_color_all=\u00bb#000000&#8243; border_width_bottom=\u00bb1px\u00bb global_colors_info=\u00bb{}\u00bb]<\/p>\n<h3><span style=\"color: #000000;\">Publicidad<\/span><\/h3>\n<p>[\/et_pb_text][et_pb_text _builder_version=\u00bb4.21.0&#8243; _module_preset=\u00bbaaa7c440-590a-4078-ae0c-0f3c699ac51c\u00bb header_font=\u00bb||||||||\u00bb header_3_font=\u00bbSpace Grotesk|500|||||||\u00bb header_3_font_size=\u00bb28px\u00bb header_3_line_height=\u00bb1.4em\u00bb background_layout=\u00bbdark\u00bb custom_margin=\u00bb||20px||false|false\u00bb custom_padding=\u00bb||10px||false|false\u00bb header_3_font_size_tablet=\u00bb20px\u00bb header_3_font_size_phone=\u00bb16px\u00bb header_3_font_size_last_edited=\u00bbon|phone\u00bb border_color_all=\u00bb#FFFFFF\u00bb border_width_bottom=\u00bb1px\u00bb border_color_bottom=\u00bb#000000&#8243; global_colors_info=\u00bb{}\u00bb]<\/p>\n<h3><span style=\"color: #000000;\">Cine<\/span><\/h3>\n<p>[\/et_pb_text][et_pb_text _builder_version=\u00bb4.21.0&#8243; _module_preset=\u00bbaaa7c440-590a-4078-ae0c-0f3c699ac51c\u00bb header_font=\u00bb||||||||\u00bb header_3_font=\u00bbSpace Grotesk|500|||||||\u00bb header_3_font_size=\u00bb28px\u00bb header_3_line_height=\u00bb1.4em\u00bb background_layout=\u00bbdark\u00bb custom_margin=\u00bb||20px||false|false\u00bb custom_padding=\u00bb||10px||false|false\u00bb header_3_font_size_tablet=\u00bb20px\u00bb header_3_font_size_phone=\u00bb16px\u00bb header_3_font_size_last_edited=\u00bbon|phone\u00bb border_color_all=\u00bb#FFFFFF\u00bb border_width_bottom=\u00bb1px\u00bb border_color_bottom=\u00bb#000000&#8243; global_colors_info=\u00bb{}\u00bb]<\/p>\n<h3><span style=\"color: #000000;\">Series<\/span><\/h3>\n<p>[\/et_pb_text][\/et_pb_column][\/et_pb_row][\/et_pb_section][et_pb_section fb_built=\u00bb1&#8243; admin_label=\u00bbTeam\u00bb _builder_version=\u00bb4.18.0&#8243; _module_preset=\u00bbdefault\u00bb background_color=\u00bbgcid-869f4c9d-6bb0-4a5e-ae84-784939b37d36&#8243; collapsed=\u00bboff\u00bb global_colors_info=\u00bb{%22gcid-869f4c9d-6bb0-4a5e-ae84-784939b37d36%22:%91%22background_color%22%93}\u00bb][et_pb_row _builder_version=\u00bb4.18.0&#8243; _module_preset=\u00bbdefault\u00bb border_color_all=\u00bb#FFFFFF\u00bb border_width_bottom=\u00bb1px\u00bb global_colors_info=\u00bb{}\u00bb][et_pb_column type=\u00bb4_4&#8243; _builder_version=\u00bb4.18.0&#8243; _module_preset=\u00bbdefault\u00bb global_colors_info=\u00bb{}\u00bb][et_pb_text _builder_version=\u00bb4.21.2&#8243; _module_preset=\u00bbb327cbe4-b1d5-4b66-ad37-40c8f2f061ba\u00bb header_2_font=\u00bbSpace Grotesk|500|||||||\u00bb header_2_font_size=\u00bb60px\u00bb header_2_line_height=\u00bb1.2em\u00bb background_layout=\u00bbdark\u00bb max_width=\u00bb700px\u00bb header_2_font_size_tablet=\u00bb32px\u00bb header_2_font_size_phone=\u00bb20px\u00bb header_2_font_size_last_edited=\u00bbon|desktop\u00bb global_colors_info=\u00bb{}\u00bb]<\/p>\n<h2>Somos un Gran Equipo<\/h2>\n<p>[\/et_pb_text][\/et_pb_column][\/et_pb_row][et_pb_row column_structure=\u00bb1_3,1_3,1_3&#8243; use_custom_gutter=\u00bbon\u00bb gutter_width=\u00bb2&#8243; _builder_version=\u00bb4.18.0&#8243; _module_preset=\u00bbdefault\u00bb global_colors_info=\u00bb{}\u00bb][et_pb_column type=\u00bb1_3&#8243; _builder_version=\u00bb4.18.0&#8243; _module_preset=\u00bbdefault\u00bb global_colors_info=\u00bb{}\u00bb][et_pb_image src=\u00bbhttps:\/\/madcrew.es\/wp-content\/uploads\/2023\/11\/jorge_moreno_1-scaled.webp\u00bb title_text=\u00bbjorge_moreno_2&#8243; _builder_version=\u00bb4.23.1&#8243; _module_preset=\u00bbdefault\u00bb custom_margin=\u00bb||20px||false|false\u00bb hover_enabled=\u00bb0&#8243; global_colors_info=\u00bb{}\u00bb src__hover_enabled=\u00bbon|hover\u00bb src__hover=\u00bbhttps:\/\/madcrew.es\/wp-content\/uploads\/2023\/11\/jorge_moreno_2-scaled.webp\u00bb sticky_enabled=\u00bb0&#8243;][\/et_pb_image][et_pb_text _builder_version=\u00bb4.21.0&#8243; _module_preset=\u00bb4827deed-2a92-4d97-a22f-f01067ae6873&#8243; header_font=\u00bb||||||||\u00bb header_4_font=\u00bbSpace Grotesk|700|||||||\u00bb header_4_font_size=\u00bb20px\u00bb header_4_line_height=\u00bb1.4em\u00bb background_layout=\u00bbdark\u00bb custom_margin=\u00bb||0px||false|false\u00bb header_4_font_size_tablet=\u00bb16px\u00bb header_4_font_size_phone=\u00bb15px\u00bb header_4_font_size_last_edited=\u00bbon|phone\u00bb global_colors_info=\u00bb{}\u00bb]<\/p>\n<h4>Jorge Moreno<\/h4>\n<p>[\/et_pb_text][et_pb_text _builder_version=\u00bb4.21.0&#8243; _module_preset=\u00bb4c43b4b6-66bf-432d-959a-705bda24a650&#8243; text_font=\u00bbWork Sans||||||||\u00bb text_line_height=\u00bb1.6em\u00bb background_layout=\u00bbdark\u00bb header_font_size_tablet=\u00bb55px\u00bb header_font_size_last_edited=\u00bboff|desktop\u00bb global_colors_info=\u00bb{}\u00bb]<\/p>\n<p><span>jorge@madcrew.es<\/span><\/p>\n<p>[\/et_pb_text][\/et_pb_column][et_pb_column type=\u00bb1_3&#8243; _builder_version=\u00bb4.18.0&#8243; _module_preset=\u00bbdefault\u00bb global_colors_info=\u00bb{}\u00bb][et_pb_image src=\u00bbhttps:\/\/madcrew.es\/wp-content\/uploads\/2023\/07\/Bea-2-scaled.jpeg\u00bb title_text=\u00bbmadcrew &#8211; Beatriz Moreno\u00bb _builder_version=\u00bb4.21.0&#8243; _module_preset=\u00bbdefault\u00bb custom_margin=\u00bb||20px||false|false\u00bb global_colors_info=\u00bb{}\u00bb src__hover_enabled=\u00bbon|hover\u00bb src__hover=\u00bbhttps:\/\/madcrew.es\/wp-content\/uploads\/2023\/07\/Bea-scaled.jpeg\u00bb][\/et_pb_image][et_pb_text _builder_version=\u00bb4.21.0&#8243; _module_preset=\u00bb4827deed-2a92-4d97-a22f-f01067ae6873&#8243; header_font=\u00bb||||||||\u00bb header_4_font=\u00bbSpace Grotesk|700|||||||\u00bb header_4_font_size=\u00bb20px\u00bb header_4_line_height=\u00bb1.4em\u00bb background_layout=\u00bbdark\u00bb custom_margin=\u00bb||0px||false|false\u00bb header_4_font_size_tablet=\u00bb16px\u00bb header_4_font_size_phone=\u00bb15px\u00bb header_4_font_size_last_edited=\u00bbon|phone\u00bb global_colors_info=\u00bb{}\u00bb]<\/p>\n<h4><span>Beatriz Moreno<\/span><\/h4>\n<p>[\/et_pb_text][et_pb_text _builder_version=\u00bb4.21.0&#8243; _module_preset=\u00bb4c43b4b6-66bf-432d-959a-705bda24a650&#8243; text_font=\u00bbWork Sans||||||||\u00bb text_line_height=\u00bb1.6em\u00bb background_layout=\u00bbdark\u00bb header_font_size_tablet=\u00bb55px\u00bb header_font_size_last_edited=\u00bboff|desktop\u00bb global_colors_info=\u00bb{}\u00bb]<\/p>\n<p><span>bea@madcrew.es<\/span><\/p>\n<p>[\/et_pb_text][\/et_pb_column][et_pb_column type=\u00bb1_3&#8243; _builder_version=\u00bb4.18.0&#8243; _module_preset=\u00bbdefault\u00bb global_colors_info=\u00bb{}\u00bb][\/et_pb_column][\/et_pb_row][\/et_pb_section][et_pb_section fb_built=\u00bb1&#8243; admin_label=\u00bbFooter Contact\u00bb _builder_version=\u00bb4.18.1&#8243; _module_preset=\u00bbdefault\u00bb background_color=\u00bb#000000&#8243; background_image=\u00bbhttps:\/\/madcrew.es\/wp-content\/uploads\/2022\/12\/architect-10.png\u00bb background_size=\u00bbcustom\u00bb background_image_width=\u00bb24%\u00bb background_position=\u00bbbottom_left\u00bb saved_tabs=\u00bball\u00bb collapsed=\u00bbon\u00bb global_colors_info=\u00bb{}\u00bb][et_pb_row column_structure=\u00bb2_3,1_3&#8243; _builder_version=\u00bb4.18.0&#8243; _module_preset=\u00bbdefault\u00bb border_color_all=\u00bb#FFFFFF\u00bb border_width_bottom=\u00bb1px\u00bb global_colors_info=\u00bb{}\u00bb][et_pb_column type=\u00bb2_3&#8243; _builder_version=\u00bb4.18.0&#8243; _module_preset=\u00bbdefault\u00bb global_colors_info=\u00bb{}\u00bb][et_pb_text _builder_version=\u00bb4.21.0&#8243; _module_preset=\u00bbb327cbe4-b1d5-4b66-ad37-40c8f2f061ba\u00bb header_2_font=\u00bbSpace Grotesk|500|||||||\u00bb header_2_font_size=\u00bb60px\u00bb header_2_line_height=\u00bb1.2em\u00bb background_layout=\u00bbdark\u00bb header_2_font_size_tablet=\u00bb60px\u00bb header_2_font_size_phone=\u00bb50px\u00bb header_2_font_size_last_edited=\u00bbon|phone\u00bb global_colors_info=\u00bb{}\u00bb]<\/p>\n<h2>Iluminemos tu Proyecto Juntos!<\/h2>\n<p>[\/et_pb_text][\/et_pb_column][et_pb_column type=\u00bb1_3&#8243; _builder_version=\u00bb4.18.0&#8243; _module_preset=\u00bbdefault\u00bb global_colors_info=\u00bb{}\u00bb][\/et_pb_column][\/et_pb_row][\/et_pb_section]<\/p>\n","protected":false},"excerpt":{"rendered":"<p>En madcrew somos una empresa joven y din\u00e1mica especializada en iluminaci\u00f3n cinematogr\u00e1fica y maquinismo para la industria del cine y la publicidad.<\/p>\n","protected":false},"author":1,"featured_media":4380,"parent":0,"menu_order":0,"comment_status":"closed","ping_status":"closed","template":"","meta":{"_et_pb_use_builder":"on","_et_pb_old_content":"","_et_gb_content_width":"","footnotes":""},"class_list":["post-1288","page","type-page","status-publish","has-post-thumbnail","hentry"],"yoast_head":"<!-- This site is optimized with the Yoast SEO plugin v21.7 - https:\/\/yoast.com\/wordpress\/plugins\/seo\/ -->\n<title>Quienes somos - Iluminaci\u00f3n cinematogr\u00e1fica y maquinismo<\/title>\n<meta name=\"description\" content=\"Somos una empresa joven y din\u00e1mica especializada en iluminaci\u00f3n cinematogr\u00e1fica y maquinismo para la industria del cine y la publicidad.\" \/>\n<meta name=\"robots\" content=\"index, follow, max-snippet:-1, max-image-preview:large, max-video-preview:-1\" \/>\n<link rel=\"canonical\" href=\"https:\/\/madcrew.es\/es\/quienes-somos\/\" \/>\n<meta property=\"og:locale\" content=\"es_ES\" \/>\n<meta property=\"og:type\" content=\"article\" \/>\n<meta property=\"og:title\" content=\"Quienes somos - Iluminaci\u00f3n cinematogr\u00e1fica y maquinismo\" \/>\n<meta property=\"og:description\" content=\"Somos una empresa joven y din\u00e1mica especializada en iluminaci\u00f3n cinematogr\u00e1fica y maquinismo para la industria del cine y la publicidad.\" \/>\n<meta property=\"og:url\" content=\"https:\/\/madcrew.es\/es\/quienes-somos\/\" \/>\n<meta property=\"og:site_name\" content=\"Madcrew\" \/>\n<meta property=\"article:publisher\" content=\"https:\/\/es-la.facebook.com\/people\/Mad-Crew-Movie-Services-SL\/100063555247861\/\" \/>\n<meta property=\"article:modified_time\" content=\"2023-11-27T16:59:18+00:00\" \/>\n<meta property=\"og:image\" content=\"https:\/\/madcrew.es\/wp-content\/uploads\/2023\/07\/madcrew-simbolos-byn.png\" \/>\n\t<meta property=\"og:image:width\" content=\"566\" \/>\n\t<meta property=\"og:image:height\" content=\"960\" \/>\n\t<meta property=\"og:image:type\" content=\"image\/png\" \/>\n<meta name=\"twitter:card\" content=\"summary_large_image\" \/>\n<script type=\"application\/ld+json\" class=\"yoast-schema-graph\">{\"@context\":\"https:\/\/schema.org\",\"@graph\":[{\"@type\":\"WebPage\",\"@id\":\"https:\/\/madcrew.es\/es\/quienes-somos\/\",\"url\":\"https:\/\/madcrew.es\/es\/quienes-somos\/\",\"name\":\"Quienes somos - Iluminaci\u00f3n cinematogr\u00e1fica y maquinismo\",\"isPartOf\":{\"@id\":\"https:\/\/madcrew.es\/es\/#website\"},\"datePublished\":\"2022-12-20T18:45:58+00:00\",\"dateModified\":\"2023-11-27T16:59:18+00:00\",\"description\":\"Somos una empresa joven y din\u00e1mica especializada en iluminaci\u00f3n cinematogr\u00e1fica y maquinismo para la industria del cine y la publicidad.\",\"breadcrumb\":{\"@id\":\"https:\/\/madcrew.es\/es\/quienes-somos\/#breadcrumb\"},\"inLanguage\":\"es\",\"potentialAction\":[{\"@type\":\"ReadAction\",\"target\":[\"https:\/\/madcrew.es\/es\/quienes-somos\/\"]}]},{\"@type\":\"BreadcrumbList\",\"@id\":\"https:\/\/madcrew.es\/es\/quienes-somos\/#breadcrumb\",\"itemListElement\":[{\"@type\":\"ListItem\",\"position\":1,\"name\":\"Portada\",\"item\":\"https:\/\/madcrew.es\/es\/\"},{\"@type\":\"ListItem\",\"position\":2,\"name\":\"Quienes somos\"}]},{\"@type\":\"WebSite\",\"@id\":\"https:\/\/madcrew.es\/es\/#website\",\"url\":\"https:\/\/madcrew.es\/es\/\",\"name\":\"Madcrew\",\"description\":\"Proyectos de iluminaci\u00f3n cinematogr\u00e1fica\",\"publisher\":{\"@id\":\"https:\/\/madcrew.es\/es\/#organization\"},\"potentialAction\":[{\"@type\":\"SearchAction\",\"target\":{\"@type\":\"EntryPoint\",\"urlTemplate\":\"https:\/\/madcrew.es\/es\/?s={search_term_string}\"},\"query-input\":\"required name=search_term_string\"}],\"inLanguage\":\"es\"},{\"@type\":\"Organization\",\"@id\":\"https:\/\/madcrew.es\/es\/#organization\",\"name\":\"madcrew\",\"alternateName\":\"madcrew\",\"url\":\"https:\/\/madcrew.es\/es\/\",\"logo\":{\"@type\":\"ImageObject\",\"inLanguage\":\"es\",\"@id\":\"https:\/\/madcrew.es\/es\/#\/schema\/logo\/image\/\",\"url\":\"https:\/\/madcrew.es\/wp-content\/uploads\/2022\/12\/android-chrome-512x512-1.png\",\"contentUrl\":\"https:\/\/madcrew.es\/wp-content\/uploads\/2022\/12\/android-chrome-512x512-1.png\",\"width\":512,\"height\":512,\"caption\":\"madcrew\"},\"image\":{\"@id\":\"https:\/\/madcrew.es\/es\/#\/schema\/logo\/image\/\"},\"sameAs\":[\"https:\/\/es-la.facebook.com\/people\/Mad-Crew-Movie-Services-SL\/100063555247861\/\",\"https:\/\/www.instagram.com\/madcrew_ms\/\"]}]}<\/script>\n<!-- \/ Yoast SEO plugin. -->","yoast_head_json":{"title":"Quienes somos - Iluminaci\u00f3n cinematogr\u00e1fica y maquinismo","description":"Somos una empresa joven y din\u00e1mica especializada en iluminaci\u00f3n cinematogr\u00e1fica y maquinismo para la industria del cine y la publicidad.","robots":{"index":"index","follow":"follow","max-snippet":"max-snippet:-1","max-image-preview":"max-image-preview:large","max-video-preview":"max-video-preview:-1"},"canonical":"https:\/\/madcrew.es\/es\/quienes-somos\/","og_locale":"es_ES","og_type":"article","og_title":"Quienes somos - Iluminaci\u00f3n cinematogr\u00e1fica y maquinismo","og_description":"Somos una empresa joven y din\u00e1mica especializada en iluminaci\u00f3n cinematogr\u00e1fica y maquinismo para la industria del cine y la publicidad.","og_url":"https:\/\/madcrew.es\/es\/quienes-somos\/","og_site_name":"Madcrew","article_publisher":"https:\/\/es-la.facebook.com\/people\/Mad-Crew-Movie-Services-SL\/100063555247861\/","article_modified_time":"2023-11-27T16:59:18+00:00","og_image":[{"width":566,"height":960,"url":"https:\/\/madcrew.es\/wp-content\/uploads\/2023\/07\/madcrew-simbolos-byn.png","type":"image\/png"}],"twitter_card":"summary_large_image","schema":{"@context":"https:\/\/schema.org","@graph":[{"@type":"WebPage","@id":"https:\/\/madcrew.es\/es\/quienes-somos\/","url":"https:\/\/madcrew.es\/es\/quienes-somos\/","name":"Quienes somos - Iluminaci\u00f3n cinematogr\u00e1fica y maquinismo","isPartOf":{"@id":"https:\/\/madcrew.es\/es\/#website"},"datePublished":"2022-12-20T18:45:58+00:00","dateModified":"2023-11-27T16:59:18+00:00","description":"Somos una empresa joven y din\u00e1mica especializada en iluminaci\u00f3n cinematogr\u00e1fica y maquinismo para la industria del cine y la publicidad.","breadcrumb":{"@id":"https:\/\/madcrew.es\/es\/quienes-somos\/#breadcrumb"},"inLanguage":"es","potentialAction":[{"@type":"ReadAction","target":["https:\/\/madcrew.es\/es\/quienes-somos\/"]}]},{"@type":"BreadcrumbList","@id":"https:\/\/madcrew.es\/es\/quienes-somos\/#breadcrumb","itemListElement":[{"@type":"ListItem","position":1,"name":"Portada","item":"https:\/\/madcrew.es\/es\/"},{"@type":"ListItem","position":2,"name":"Quienes somos"}]},{"@type":"WebSite","@id":"https:\/\/madcrew.es\/es\/#website","url":"https:\/\/madcrew.es\/es\/","name":"Madcrew","description":"Proyectos de iluminaci\u00f3n cinematogr\u00e1fica","publisher":{"@id":"https:\/\/madcrew.es\/es\/#organization"},"potentialAction":[{"@type":"SearchAction","target":{"@type":"EntryPoint","urlTemplate":"https:\/\/madcrew.es\/es\/?s={search_term_string}"},"query-input":"required name=search_term_string"}],"inLanguage":"es"},{"@type":"Organization","@id":"https:\/\/madcrew.es\/es\/#organization","name":"madcrew","alternateName":"madcrew","url":"https:\/\/madcrew.es\/es\/","logo":{"@type":"ImageObject","inLanguage":"es","@id":"https:\/\/madcrew.es\/es\/#\/schema\/logo\/image\/","url":"https:\/\/madcrew.es\/wp-content\/uploads\/2022\/12\/android-chrome-512x512-1.png","contentUrl":"https:\/\/madcrew.es\/wp-content\/uploads\/2022\/12\/android-chrome-512x512-1.png","width":512,"height":512,"caption":"madcrew"},"image":{"@id":"https:\/\/madcrew.es\/es\/#\/schema\/logo\/image\/"},"sameAs":["https:\/\/es-la.facebook.com\/people\/Mad-Crew-Movie-Services-SL\/100063555247861\/","https:\/\/www.instagram.com\/madcrew_ms\/"]}]}},"_links":{"self":[{"href":"https:\/\/madcrew.es\/es\/wp-json\/wp\/v2\/pages\/1288","targetHints":{"allow":["GET"]}}],"collection":[{"href":"https:\/\/madcrew.es\/es\/wp-json\/wp\/v2\/pages"}],"about":[{"href":"https:\/\/madcrew.es\/es\/wp-json\/wp\/v2\/types\/page"}],"author":[{"embeddable":true,"href":"https:\/\/madcrew.es\/es\/wp-json\/wp\/v2\/users\/1"}],"replies":[{"embeddable":true,"href":"https:\/\/madcrew.es\/es\/wp-json\/wp\/v2\/comments?post=1288"}],"version-history":[{"count":0,"href":"https:\/\/madcrew.es\/es\/wp-json\/wp\/v2\/pages\/1288\/revisions"}],"wp:featuredmedia":[{"embeddable":true,"href":"https:\/\/madcrew.es\/es\/wp-json\/wp\/v2\/media\/4380"}],"wp:attachment":[{"href":"https:\/\/madcrew.es\/es\/wp-json\/wp\/v2\/media?parent=1288"}],"curies":[{"name":"wp","href":"https:\/\/api.w.org\/{rel}","templated":true}]}}